{"id":44,"date":"2011-10-05T19:37:11","date_gmt":"2011-10-05T19:37:11","guid":{"rendered":"http:\/\/deutschekeramik.de\/?page_id=44"},"modified":"2011-10-07T19:49:38","modified_gmt":"2011-10-07T19:49:38","slug":"webseiten-rumd-um-deutsche-keramik","status":"publish","type":"page","link":"http:\/\/deutschekeramik.de\/?page_id=44","title":{"rendered":"Webseiten rumd um deutsche Keramik"},"content":{"rendered":"<p><a title=\"www.retrominded.com\" href=\"http:\/\/www.retrominded.com\/\" target=\"_blank\">http:\/\/www.retrominded.com\/<\/a><\/p>\n<p>Retrominded.com ist eine Galeriewebsite von Emiel Monnink aus Amsterdam. Unter jener Adresse bietet er eine Vielzahl von Vasen und anderen Keramiken des 20. Jahrhunderts an. Ein deutlicher Schwerpunkt liegt auf deutscher Nachkriegskeramik. Die Preise sind realistisch und nicht \u00fcberteuert, besonders positiv fallen die detaillierten und professionell aufgenommenen Fotos auf. Auch die Bandbreite der Manufakturen ist erstaunlich. Die Vasen sind allesamt gut bestimmt und zugeordnet. Eine tolle Seite um nach interessanten Vasen zu st\u00f6bern, ein Gef\u00fchl f\u00fcr Preise zu bekommen und vielleicht ein neues Objekt zu erwerben.<\/p>\n","protected":false},"excerpt":{"rendered":"<p>http:\/\/www.retrominded.com\/ Retrominded.com ist eine Galeriewebsite von Emiel Monnink aus Amsterdam. Unter jener Adresse bietet er eine Vielzahl von Vasen und anderen Keramiken des 20. Jahrhunderts an. Ein deutlicher Schwerpunkt liegt auf deutscher Nachkriegskeramik. Die Preise sind realistisch und nicht \u00fcberteuert, &hellip; <a href=\"http:\/\/deutschekeramik.de\/?page_id=44\">Weiterlesen <span class=\"meta-nav\">&rarr;<\/span><\/a><\/p>\n","protected":false},"author":1,"featured_media":0,"parent":0,"menu_order":0,"comment_status":"open","ping_status":"open","template":"","meta":[],"_links":{"self":[{"href":"http:\/\/deutschekeramik.de\/index.php?rest_route=\/wp\/v2\/pages\/44"}],"collection":[{"href":"http:\/\/deutschekeramik.de\/index.php?rest_route=\/wp\/v2\/pages"}],"about":[{"href":"http:\/\/deutschekeramik.de\/index.php?rest_route=\/wp\/v2\/types\/page"}],"author":[{"embeddable":true,"href":"http:\/\/deutschekeramik.de\/index.php?rest_route=\/wp\/v2\/users\/1"}],"replies":[{"embeddable":true,"href":"http:\/\/deutschekeramik.de\/index.php?rest_route=%2Fwp%2Fv2%2Fcomments&post=44"}],"version-history":[{"count":4,"href":"http:\/\/deutschekeramik.de\/index.php?rest_route=\/wp\/v2\/pages\/44\/revisions"}],"predecessor-version":[{"id":46,"href":"http:\/\/deutschekeramik.de\/index.php?rest_route=\/wp\/v2\/pages\/44\/revisions\/46"}],"wp:attachment":[{"href":"http:\/\/deutschekeramik.de\/index.php?rest_route=%2Fwp%2Fv2%2Fmedia&parent=44"}],"curies":[{"name":"wp","href":"https:\/\/api.w.org\/{rel}","templated":true}]}}